{"id":2054,"date":"2016-06-21T20:13:20","date_gmt":"2016-06-21T20:13:20","guid":{"rendered":"http:\/\/localhost:8888\/wp-electrician\/?page_id=2054"},"modified":"2017-12-25T22:30:58","modified_gmt":"2017-12-25T21:30:58","slug":"gallery-3-column","status":"publish","type":"page","link":"http:\/\/www.maruniak.com\/?page_id=2054","title":{"rendered":"Gal\u00e9ria"},"content":{"rendered":"<p>[vc_row css=&#8221;.vc_custom_1466536901495{padding-top: 70px !important;}&#8221;][vc_column]\r\n<div class=\"project-title title\" style=\"margin-bottom: ;\">\r\n\t\t\t\t\t<span class=\"sm-title\" style=\"font-size: ; color: #07c5ac\">Fotogal\u00e9ria pr\u00e1c<\/span>\r\n\t\t\t\t\t<h2 class=\"box-header\" style=\"font-size: ; color: \">Na\u0161e projekty<\/h2>\r\n\t\t\t\t\t<p style=\"font-size: ; color: \">Nieko\u013eko \u00fak\u00e1\u017eok z na\u0161ich projektov a pr\u00e1c.<\/p>\r\n\t\t\t\t<\/div>\r\n\r\n[\/vc_column][\/vc_row][vc_row css=&#8221;.vc_custom_1466539896212{padding-bottom: 70px !important;background-color: #f9f9f9 !important;}&#8221;][vc_column] \r\n\t<section id=\"projects-page-section\" class=\"projects-page-section\">\r\n\t\t\t\t<div class=\"text-center\">\r\n\t\t\t\t\t<ul class=\"gallery-filter filter\">\r\n\t\t\t\t\t\t<li><a href=\"#\" data-filter=\"*\" class=\"selected\">Zobrazi\u0165 v\u0161etko<\/a><\/li>\r\n                    \r\n                    \t                  <li><a href=\"#\" data-filter=\".clean\">Clean<\/a><\/li>\r\n\t                \t                  <li><a href=\"#\" data-filter=\".engine-repair\">Engine Repair<\/a><\/li>\r\n\t                \t                  <li><a href=\"#\" data-filter=\".mufflers\">Mufflers<\/a><\/li>\r\n\t                \t                  <li><a href=\"#\" data-filter=\".oil-changes\">Oil Changes<\/a><\/li>\r\n\t                \t\t\t\t\t<\/ul>\r\n\t\t\t\t<\/div>\r\n\t\t\t<div class=\"normal-gallery project-box col3\" id=\"image-gallery-mix\">\r\n\t\t\t\t\t\t\t\t<div class=\"project-post col-sm-6 col-xs-12 tank outside single-project-item mix engine-repair mufflers oil-changes \">\r\n\t\t\t\t\t<div class=\"img-wrap\">\r\n\t\t\t\t\t\t                    <img src=\"http:\/\/www.maruniak.com\/wp-content\/uploads\/2016\/06\/5-1.jpg\" alt=\"\"> <\/div>\r\n\t\t\t\t\t\t<div class=\"content\">\r\n\t\t\t\t\t\t\t<div class=\"box\">\r\n\t\t\t\t\t\t\t\t\t\t\t\t\t\t<div class=\"hover-box\">\r\n\t\t\t\t\t\t\t<div class=\"bx\">\r\n\t\t\t\t\t\t\t<h2><a href=\"http:\/\/www.maruniak.com\/?portfolio=electrician-works-11\" class=\"\">Electrician Works<\/a><\/h2>\r\n\t\t\t\t\t\t\t<span>Duis aute irure dolor in reprehenderit in voluptate velit esse<\/span>\r\n\t\t\t\t\t\t<\/div>\r\n\t\t\t\t\t\t<\/div>\r\n\t\t\t\t\t\t\t<\/div>\r\n\t\t\t\t\t<\/div>\r\n\t\t\t\t<\/div>\r\n\t\t\t\t <!-- close gallery item -->\r\n           \t\t\t\t<div class=\"project-post col-sm-6 col-xs-12 tank outside single-project-item mix clean engine-repair mufflers \">\r\n\t\t\t\t\t<div class=\"img-wrap\">\r\n\t\t\t\t\t\t                    <img src=\"http:\/\/www.maruniak.com\/wp-content\/uploads\/2016\/06\/6-1.jpg\" alt=\"\"> <\/div>\r\n\t\t\t\t\t\t<div class=\"content\">\r\n\t\t\t\t\t\t\t<div class=\"box\">\r\n\t\t\t\t\t\t\t\t\t\t\t\t\t\t<div class=\"hover-box\">\r\n\t\t\t\t\t\t\t<div class=\"bx\">\r\n\t\t\t\t\t\t\t<h2><a href=\"http:\/\/www.maruniak.com\/?portfolio=electrician-works-10\" class=\"\">Electrician Works<\/a><\/h2>\r\n\t\t\t\t\t\t\t<span>Duis aute irure dolor in reprehenderit in voluptate velit esse<\/span>\r\n\t\t\t\t\t\t<\/div>\r\n\t\t\t\t\t\t<\/div>\r\n\t\t\t\t\t\t\t<\/div>\r\n\t\t\t\t\t<\/div>\r\n\t\t\t\t<\/div>\r\n\t\t\t\t <!-- close gallery item -->\r\n           \t\t\t\t<div class=\"project-post col-sm-6 col-xs-12 tank outside single-project-item mix clean engine-repair mufflers oil-changes \">\r\n\t\t\t\t\t<div class=\"img-wrap\">\r\n\t\t\t\t\t\t                    <img src=\"http:\/\/www.maruniak.com\/wp-content\/uploads\/2016\/06\/4-1.jpg\" alt=\"\"> <\/div>\r\n\t\t\t\t\t\t<div class=\"content\">\r\n\t\t\t\t\t\t\t<div class=\"box\">\r\n\t\t\t\t\t\t\t\t\t\t\t\t\t\t<div class=\"hover-box\">\r\n\t\t\t\t\t\t\t<div class=\"bx\">\r\n\t\t\t\t\t\t\t<h2><a href=\"http:\/\/www.maruniak.com\/?portfolio=electrician-works-9\" class=\"\">Electrician Works<\/a><\/h2>\r\n\t\t\t\t\t\t\t<span>Duis aute irure dolor in reprehenderit in voluptate velit esse<\/span>\r\n\t\t\t\t\t\t<\/div>\r\n\t\t\t\t\t\t<\/div>\r\n\t\t\t\t\t\t\t<\/div>\r\n\t\t\t\t\t<\/div>\r\n\t\t\t\t<\/div>\r\n\t\t\t\t <!-- close gallery item -->\r\n           \t\t\t\t<div class=\"project-post col-sm-6 col-xs-12 tank outside single-project-item mix clean engine-repair mufflers oil-changes \">\r\n\t\t\t\t\t<div class=\"img-wrap\">\r\n\t\t\t\t\t\t                    <img src=\"http:\/\/www.maruniak.com\/wp-content\/uploads\/2016\/06\/3-1.jpg\" alt=\"\"> <\/div>\r\n\t\t\t\t\t\t<div class=\"content\">\r\n\t\t\t\t\t\t\t<div class=\"box\">\r\n\t\t\t\t\t\t\t\t\t\t\t\t\t\t<div class=\"hover-box\">\r\n\t\t\t\t\t\t\t<div class=\"bx\">\r\n\t\t\t\t\t\t\t<h2><a href=\"http:\/\/www.maruniak.com\/?portfolio=electrician-works-8\" class=\"\">Electrician Works<\/a><\/h2>\r\n\t\t\t\t\t\t\t<span>Duis aute irure dolor in reprehenderit in voluptate velit esse<\/span>\r\n\t\t\t\t\t\t<\/div>\r\n\t\t\t\t\t\t<\/div>\r\n\t\t\t\t\t\t\t<\/div>\r\n\t\t\t\t\t<\/div>\r\n\t\t\t\t<\/div>\r\n\t\t\t\t <!-- close gallery item -->\r\n           \t\t\t\t<div class=\"project-post col-sm-6 col-xs-12 tank outside single-project-item mix clean engine-repair mufflers \">\r\n\t\t\t\t\t<div class=\"img-wrap\">\r\n\t\t\t\t\t\t                    <img src=\"http:\/\/www.maruniak.com\/wp-content\/uploads\/2016\/06\/2-2.jpg\" alt=\"\"> <\/div>\r\n\t\t\t\t\t\t<div class=\"content\">\r\n\t\t\t\t\t\t\t<div class=\"box\">\r\n\t\t\t\t\t\t\t\t\t\t\t\t\t\t<div class=\"hover-box\">\r\n\t\t\t\t\t\t\t<div class=\"bx\">\r\n\t\t\t\t\t\t\t<h2><a href=\"http:\/\/www.maruniak.com\/?portfolio=electrician-works-7\" class=\"\">Electrician Works<\/a><\/h2>\r\n\t\t\t\t\t\t\t<span>Duis aute irure dolor in reprehenderit in voluptate velit esse<\/span>\r\n\t\t\t\t\t\t<\/div>\r\n\t\t\t\t\t\t<\/div>\r\n\t\t\t\t\t\t\t<\/div>\r\n\t\t\t\t\t<\/div>\r\n\t\t\t\t<\/div>\r\n\t\t\t\t <!-- close gallery item -->\r\n           \t\t\t\t<div class=\"project-post col-sm-6 col-xs-12 tank outside single-project-item mix clean mufflers oil-changes \">\r\n\t\t\t\t\t<div class=\"img-wrap\">\r\n\t\t\t\t\t\t                    <img src=\"http:\/\/www.maruniak.com\/wp-content\/uploads\/2016\/06\/1-3.jpg\" alt=\"\"> <\/div>\r\n\t\t\t\t\t\t<div class=\"content\">\r\n\t\t\t\t\t\t\t<div class=\"box\">\r\n\t\t\t\t\t\t\t\t\t\t\t\t\t\t<div class=\"hover-box\">\r\n\t\t\t\t\t\t\t<div class=\"bx\">\r\n\t\t\t\t\t\t\t<h2><a href=\"http:\/\/www.maruniak.com\/?portfolio=electrician-works-6\" class=\"\">Electrician Works<\/a><\/h2>\r\n\t\t\t\t\t\t\t<span>Duis aute irure dolor in reprehenderit in voluptate velit esse<\/span>\r\n\t\t\t\t\t\t<\/div>\r\n\t\t\t\t\t\t<\/div>\r\n\t\t\t\t\t\t\t<\/div>\r\n\t\t\t\t\t<\/div>\r\n\t\t\t\t<\/div>\r\n\t\t\t\t <!-- close gallery item -->\r\n           \t\t\t\t<div class=\"project-post col-sm-6 col-xs-12 tank outside single-project-item mix engine-repair mufflers oil-changes \">\r\n\t\t\t\t\t<div class=\"img-wrap\">\r\n\t\t\t\t\t\t                    <img src=\"http:\/\/www.maruniak.com\/wp-content\/uploads\/2016\/06\/6-1.jpg\" alt=\"\"> <\/div>\r\n\t\t\t\t\t\t<div class=\"content\">\r\n\t\t\t\t\t\t\t<div class=\"box\">\r\n\t\t\t\t\t\t\t\t\t\t\t\t\t\t<div class=\"hover-box\">\r\n\t\t\t\t\t\t\t<div class=\"bx\">\r\n\t\t\t\t\t\t\t<h2><a href=\"http:\/\/www.maruniak.com\/?portfolio=electrician-works-5\" class=\"\">Electrician Works<\/a><\/h2>\r\n\t\t\t\t\t\t\t<span>Duis aute irure dolor in reprehenderit in voluptate velit esse<\/span>\r\n\t\t\t\t\t\t<\/div>\r\n\t\t\t\t\t\t<\/div>\r\n\t\t\t\t\t\t\t<\/div>\r\n\t\t\t\t\t<\/div>\r\n\t\t\t\t<\/div>\r\n\t\t\t\t <!-- close gallery item -->\r\n           \t\t\t\t<div class=\"project-post col-sm-6 col-xs-12 tank outside single-project-item mix clean engine-repair mufflers \">\r\n\t\t\t\t\t<div class=\"img-wrap\">\r\n\t\t\t\t\t\t                    <img src=\"http:\/\/www.maruniak.com\/wp-content\/uploads\/2016\/06\/5-1.jpg\" alt=\"\"> <\/div>\r\n\t\t\t\t\t\t<div class=\"content\">\r\n\t\t\t\t\t\t\t<div class=\"box\">\r\n\t\t\t\t\t\t\t\t\t\t\t\t\t\t<div class=\"hover-box\">\r\n\t\t\t\t\t\t\t<div class=\"bx\">\r\n\t\t\t\t\t\t\t<h2><a href=\"http:\/\/www.maruniak.com\/?portfolio=electrician-works-4\" class=\"\">Electrician Works<\/a><\/h2>\r\n\t\t\t\t\t\t\t<span>Duis aute irure dolor in reprehenderit in voluptate velit esse<\/span>\r\n\t\t\t\t\t\t<\/div>\r\n\t\t\t\t\t\t<\/div>\r\n\t\t\t\t\t\t\t<\/div>\r\n\t\t\t\t\t<\/div>\r\n\t\t\t\t<\/div>\r\n\t\t\t\t <!-- close gallery item -->\r\n           \t\t\t\t<div class=\"project-post col-sm-6 col-xs-12 tank outside single-project-item mix engine-repair mufflers oil-changes \">\r\n\t\t\t\t\t<div class=\"img-wrap\">\r\n\t\t\t\t\t\t                    <img src=\"http:\/\/www.maruniak.com\/wp-content\/uploads\/2016\/06\/4-1.jpg\" alt=\"\"> <\/div>\r\n\t\t\t\t\t\t<div class=\"content\">\r\n\t\t\t\t\t\t\t<div class=\"box\">\r\n\t\t\t\t\t\t\t\t\t\t\t\t\t\t<div class=\"hover-box\">\r\n\t\t\t\t\t\t\t<div class=\"bx\">\r\n\t\t\t\t\t\t\t<h2><a href=\"http:\/\/www.maruniak.com\/?portfolio=electrician-works-3\" class=\"\">Electrician Works<\/a><\/h2>\r\n\t\t\t\t\t\t\t<span>Duis aute irure dolor in reprehenderit in voluptate velit esse<\/span>\r\n\t\t\t\t\t\t<\/div>\r\n\t\t\t\t\t\t<\/div>\r\n\t\t\t\t\t\t\t<\/div>\r\n\t\t\t\t\t<\/div>\r\n\t\t\t\t<\/div>\r\n\t\t\t\t <!-- close gallery item -->\r\n           \t\t\t<\/div>\r\n\t<\/section>\r\n\t[\/vc_column][\/vc_row][vc_row css=&#8221;.vc_custom_1466363445319{padding-top: 30px !important;padding-bottom: 35px !important;background-color: #e36968 !important;}&#8221;][vc_column][\/vc_column][\/vc_row]<\/p>\n","protected":false},"excerpt":{"rendered":"<p>[vc_row css=&#8221;.vc_custom_1466536901495{padding-top: 70px !important;}&#8221;][vc_column][\/vc_column][\/vc_row][vc_row css=&#8221;.vc_custom_1466539896212{padding-bottom: 70px !important;background-color: #f9f9f9 !important;}&#8221;][vc_column][\/vc_column][\/vc_row][vc_row css=&#8221;.vc_custom_1466363445319{padding-top: 30px !important;padding-bottom: 35px !important;background-color: #e36968 !important;}&#8221;][vc_column][\/vc_column][\/vc_row]<\/p>\n","protected":false},"author":2,"featured_media":0,"parent":0,"menu_order":0,"comment_status":"closed","ping_status":"closed","template":"page-templates\/template-element.php","meta":[],"_links":{"self":[{"href":"http:\/\/www.maruniak.com\/index.php?rest_route=\/wp\/v2\/pages\/2054"}],"collection":[{"href":"http:\/\/www.maruniak.com\/index.php?rest_route=\/wp\/v2\/pages"}],"about":[{"href":"http:\/\/www.maruniak.com\/index.php?rest_route=\/wp\/v2\/types\/page"}],"author":[{"embeddable":true,"href":"http:\/\/www.maruniak.com\/index.php?rest_route=\/wp\/v2\/users\/2"}],"replies":[{"embeddable":true,"href":"http:\/\/www.maruniak.com\/index.php?rest_route=%2Fwp%2Fv2%2Fcomments&post=2054"}],"version-history":[{"count":3,"href":"http:\/\/www.maruniak.com\/index.php?rest_route=\/wp\/v2\/pages\/2054\/revisions"}],"predecessor-version":[{"id":2472,"href":"http:\/\/www.maruniak.com\/index.php?rest_route=\/wp\/v2\/pages\/2054\/revisions\/2472"}],"wp:attachment":[{"href":"http:\/\/www.maruniak.com\/index.php?rest_route=%2Fwp%2Fv2%2Fmedia&parent=2054"}],"curies":[{"name":"wp","href":"https:\/\/api.w.org\/{rel}","templated":true}]}}