{"id":2001,"date":"2016-06-20T21:35:46","date_gmt":"2016-06-20T21:35:46","guid":{"rendered":"http:\/\/localhost:8888\/wp-electrician\/?page_id=2001"},"modified":"2017-12-25T23:00:07","modified_gmt":"2017-12-25T22:00:07","slug":"contact-us","status":"publish","type":"page","link":"http:\/\/www.maruniak.com\/?page_id=2001","title":{"rendered":"Kontakt"},"content":{"rendered":"<p>[vc_row css=&#8221;.vc_custom_1460894058626{padding-top: 80px !important;padding-bottom: 80px !important;}&#8221;][vc_column]\r\n<div class=\"project-title title\" style=\"margin-bottom: ;\">\r\n\t\t\t\t\t<span class=\"sm-title\" style=\"font-size: ; color: #fcc20d\">Te\u0161\u00edme sa na spolupr\u00e1cu<\/span>\r\n\t\t\t\t\t<h2 class=\"box-header\" style=\"font-size: ; color: \">Kontaktujte n\u00e1s<\/h2>\r\n\t\t\t\t\t<p style=\"font-size: ; color: \">Radi odpovieme na Va\u0161e ot\u00e1zky, pr\u00edpadne podnety.<\/p>\r\n\t\t\t\t<\/div>\r\n\r\n[vc_row_inner css=&#8221;.vc_custom_1460976938517{margin-top: 50px !important;}&#8221;][vc_column_inner width=&#8221;8\/12&#8243; css=&#8221;.vc_custom_1466516250706{padding-top: 20px !important;}&#8221;]<div role=\"form\" class=\"wpcf7\" id=\"wpcf7-f2477-o1\" lang=\"sk-SK\" dir=\"ltr\">\n<div class=\"screen-reader-response\"><p role=\"status\" aria-live=\"polite\" aria-atomic=\"true\"><\/p> <ul><\/ul><\/div>\n<form action=\"\/index.php?rest_route=%2Fwp%2Fv2%2Fpages%2F2001#wpcf7-f2477-o1\" method=\"post\" class=\"wpcf7-form init\" novalidate=\"novalidate\" data-status=\"init\">\n<div style=\"display: none;\">\n<input type=\"hidden\" name=\"_wpcf7\" value=\"2477\" \/>\n<input type=\"hidden\" name=\"_wpcf7_version\" value=\"5.5.3\" \/>\n<input type=\"hidden\" name=\"_wpcf7_locale\" value=\"sk_SK\" \/>\n<input type=\"hidden\" name=\"_wpcf7_unit_tag\" value=\"wpcf7-f2477-o1\" \/>\n<input type=\"hidden\" name=\"_wpcf7_container_post\" value=\"0\" \/>\n<input type=\"hidden\" name=\"_wpcf7_posted_data_hash\" value=\"\" \/>\n<\/div>\n<p> <span class=\"wpcf7-form-control-wrap your-name\"><input type=\"text\" name=\"your-name\" value=\"\" size=\"40\" class=\"wpcf7-form-control wpcf7-text wpcf7-validates-as-required\" aria-required=\"true\" aria-invalid=\"false\" placeholder=\"Va\u0161e meno\" \/><\/span> <span class=\"wpcf7-form-control-wrap your-email\"><input type=\"email\" name=\"your-email\" value=\"\" size=\"40\" class=\"wpcf7-form-control wpcf7-text wpcf7-email wpcf7-validates-as-required wpcf7-validates-as-email\" aria-required=\"true\" aria-invalid=\"false\" placeholder=\"Email\" \/><\/span> <\/p>\n<p> <span class=\"wpcf7-form-control-wrap your-subject\"><input type=\"text\" name=\"your-subject\" value=\"\" size=\"40\" class=\"wpcf7-form-control wpcf7-text\" aria-invalid=\"false\" placeholder=\"Predmet\" \/><\/span> <\/p>\n<p><span class=\"wpcf7-form-control-wrap your-message\"><textarea name=\"your-message\" cols=\"40\" rows=\"10\" class=\"wpcf7-form-control wpcf7-textarea\" aria-invalid=\"false\" placeholder=\"Spr\u00e1va\"><\/textarea><\/span> <\/p>\n<p><input type=\"submit\" value=\"Odosla\u0165\" class=\"wpcf7-form-control has-spinner wpcf7-submit\" \/><\/p>\n<div class=\"wpcf7-response-output\" aria-hidden=\"true\"><\/div><\/form><\/div>[\/vc_column_inner][vc_column_inner width=&#8221;4\/12&#8243;]<h3 style=\"\">Kontaktn\u00e9 inform\u00e1cie<\/h3><p style=\"\">Pondelok - Piatok od: 8:00 - 17:00<\/p>\r\n\t\t\t<div class=\"tl-spoiler contact wpb_content_element iconbox-style-2 icon-color-custom color-dark clearfix\">\r\n                        <h6 style=\"color:\" class=\"\"><i class=\"fa fa-map-marker boxicon\" style=\"color: #fcc20d;\"><\/i> &nbsp; &nbsp; Adresa<\/h6>\r\n                        <div class=\"su-clearfix tl-spoiler-content\" style=\"color:\">Dlhovesk\u00e1, 1377\/5, 9270 05, \u0160a\u013ea<\/div>\r\n                  <\/div>\r\n\t\t\t\r\n\t\t\t<div class=\"tl-spoiler contact wpb_content_element iconbox-style-2 icon-color-custom color-dark clearfix\">\r\n                        <h6 style=\"color:\" class=\"\"><i class=\"fa fa-envelope boxicon\" style=\"color: #fcc20d;\"><\/i> &nbsp; &nbsp; Email<\/h6>\r\n                        <div class=\"su-clearfix tl-spoiler-content\" style=\"color:\">smaruniak@gmail.com<\/div>\r\n                  <\/div>\r\n\t\t\t[\/vc_column_inner][\/vc_row_inner][\/vc_column][\/vc_row][vc_row fullwidth=&#8221;yes&#8221; css=&#8221;.vc_custom_1466515429645{padding-top: 43px !important;padding-bottom: 0px !important;}&#8221;][vc_column][vc_gmaps link=&#8221;#E-8_JTNDaWZyYW1lJTIwc3JjJTNEJTIyaHR0cHMlM0ElMkYlMkZ3d3cuZ29vZ2xlLmNvbSUyRm1hcHMlMkZlbWJlZCUzRnBiJTNEJTIxMW0xNCUyMTFtOCUyMTFtMyUyMTFkMTA2NDQuNjkwODYzMTI3NjQlMjEyZDE3Ljg4NDc3NTklMjEzZDQ4LjE2NDc1MjQlMjEzbTIlMjExaTEwMjQlMjEyaTc2OCUyMTRmMTMuMSUyMTNtMyUyMTFtMiUyMTFzMHgwJTI1M0EweGViYjFiNWFhYWI4MmEyYmYlMjEyc0RpdmlkZW5kYSUyQnMuci5vLiUyMTVlMCUyMTNtMiUyMTFzZW4lMjEyc3NrJTIxNHYxNTE0MjMzNjk0NDMyJTIyJTIwd2lkdGglM0QlMjI2MDAlMjIlMjBoZWlnaHQlM0QlMjI0NTAlMjIlMjBmcmFtZWJvcmRlciUzRCUyMjAlMjIlMjBzdHlsZSUzRCUyMmJvcmRlciUzQTAlMjIlMjBhbGxvd2Z1bGxzY3JlZW4lM0UlM0MlMkZpZnJhbWUlM0U=&#8221; size=&#8221;500px&#8221; css=&#8221;.vc_custom_1514233791702{margin-bottom: 0px !important;}&#8221;][\/vc_column][\/vc_row][vc_row css=&#8221;.vc_custom_1473225998030{padding-top: 30px !important;padding-bottom: 35px !important;background-color: #111b24 !important;}&#8221;][vc_column]\t<div class=\"callto-action text-center\">\r\n\t\t\t\t\t\t<h3 class=\"\"><span class=\"call-title-text\"><span class=\"call-title-text\">\u010eakujeme za Va\u0161u n\u00e1v\u0161tevu!<\/span><\/span><a href=\"\" class=\"button-one\"><\/a><\/h3>\r\n\t\t\t\t\t<\/div>\r\n    [\/vc_column][\/vc_row]<\/p>\n","protected":false},"excerpt":{"rendered":"<p>[vc_row css=&#8221;.vc_custom_1460894058626{padding-top: 80px !important;padding-bottom: 80px !important;}&#8221;][vc_column][vc_row_inner css=&#8221;.vc_custom_1460976938517{margin-top: 50px !important;}&#8221;][vc_column_inner width=&#8221;8\/12&#8243; css=&#8221;.vc_custom_1466516250706{padding-top: 20px !important;}&#8221;][\/vc_column_inner][vc_column_inner width=&#8221;4\/12&#8243;][\/vc_column_inner][\/vc_row_inner][\/vc_column][\/vc_row][vc_row fullwidth=&#8221;yes&#8221; css=&#8221;.vc_custom_1466515429645{padding-top: 43px !important;padding-bottom: 0px !important;}&#8221;][vc_column][vc_gmaps link=&#8221;#E-8_JTNDaWZyYW1lJTIwc3JjJTNEJTIyaHR0cHMlM0ElMkYlMkZ3d3cuZ29vZ2xlLmNvbSUyRm1hcHMlMkZlbWJlZCUzRnBiJTNEJTIxMW0xNCUyMTFtOCUyMTFtMyUyMTFkMTA2NDQuNjkwODYzMTI3NjQlMjEyZDE3Ljg4NDc3NTklMjEzZDQ4LjE2NDc1MjQlMjEzbTIlMjExaTEwMjQlMjEyaTc2OCUyMTRmMTMuMSUyMTNtMyUyMTFtMiUyMTFzMHgwJTI1M0EweGViYjFiNWFhYWI4MmEyYmYlMjEyc0RpdmlkZW5kYSUyQnMuci5vLiUyMTVlMCUyMTNtMiUyMTFzZW4lMjEyc3NrJTIxNHYxNTE0MjMzNjk0NDMyJTIyJTIwd2lkdGglM0QlMjI2MDAlMjIlMjBoZWlnaHQlM0QlMjI0NTAlMjIlMjBmcmFtZWJvcmRlciUzRCUyMjAlMjIlMjBzdHlsZSUzRCUyMmJvcmRlciUzQTAlMjIlMjBhbGxvd2Z1bGxzY3JlZW4lM0UlM0MlMkZpZnJhbWUlM0U=&#8221; size=&#8221;500px&#8221; css=&#8221;.vc_custom_1514233791702{margin-bottom: 0px !important;}&#8221;][\/vc_column][\/vc_row][vc_row css=&#8221;.vc_custom_1473225998030{padding-top: 30px !important;padding-bottom: 35px !important;background-color: #111b24 !important;}&#8221;][vc_column][\/vc_column][\/vc_row]<\/p>\n","protected":false},"author":2,"featured_media":0,"parent":0,"menu_order":0,"comment_status":"closed","ping_status":"closed","template":"page-templates\/template-element.php","meta":[],"_links":{"self":[{"href":"http:\/\/www.maruniak.com\/index.php?rest_route=\/wp\/v2\/pages\/2001"}],"collection":[{"href":"http:\/\/www.maruniak.com\/index.php?rest_route=\/wp\/v2\/pages"}],"about":[{"href":"http:\/\/www.maruniak.com\/index.php?rest_route=\/wp\/v2\/types\/page"}],"author":[{"embeddable":true,"href":"http:\/\/www.maruniak.com\/index.php?rest_route=\/wp\/v2\/users\/2"}],"replies":[{"embeddable":true,"href":"http:\/\/www.maruniak.com\/index.php?rest_route=%2Fwp%2Fv2%2Fcomments&post=2001"}],"version-history":[{"count":5,"href":"http:\/\/www.maruniak.com\/index.php?rest_route=\/wp\/v2\/pages\/2001\/revisions"}],"predecessor-version":[{"id":2478,"href":"http:\/\/www.maruniak.com\/index.php?rest_route=\/wp\/v2\/pages\/2001\/revisions\/2478"}],"wp:attachment":[{"href":"http:\/\/www.maruniak.com\/index.php?rest_route=%2Fwp%2Fv2%2Fmedia&parent=2001"}],"curies":[{"name":"wp","href":"https:\/\/api.w.org\/{rel}","templated":true}]}}