{"id":1997,"date":"2016-06-20T21:04:27","date_gmt":"2016-06-20T21:04:27","guid":{"rendered":"http:\/\/localhost:8888\/wp-electrician\/?page_id=1997"},"modified":"2017-12-25T22:39:58","modified_gmt":"2017-12-25T21:39:58","slug":"pricing-table","status":"publish","type":"page","link":"http:\/\/www.maruniak.com\/?page_id=1997","title":{"rendered":"Cenn\u00edk"},"content":{"rendered":"<p>[vc_row css=&#8221;.vc_custom_1466517198806{padding-top: 70px !important;padding-bottom: 70px !important;}&#8221;][vc_column]\r\n<div class=\"project-title title\" style=\"margin-bottom: ;\">\r\n\t\t\t\t\t<span class=\"sm-title\" style=\"font-size: ; color: #09bda2\">Najlep\u0161ie ceny<\/span>\r\n\t\t\t\t\t<h2 class=\"box-header\" style=\"font-size: ; color: \">Na\u0161a ponuka<\/h2>\r\n\t\t\t\t\t<p style=\"font-size: ; color: \"><\/p>\r\n\t\t\t\t<\/div>\r\n\r\n[vc_row_inner][vc_column_inner width=&#8221;1\/4&#8243;]\r\n\r\n<ul class=\"pricing-table sec-border highlight-no \" data-animation=\"fadeIn\"><li class=\"pricing-title\"><h6 class=\"sec-color\">Z\u00e1kladn\u00fd bal\u00edk<\/h6><\/li><li class=\"pricing-price\"><h2 class=\"price\">29.99 \u20ac<\/h2><span class=\"currency\"><\/span><span class=\"pricing-duration special-subtitle\">1 Mesiac<\/span><\/li>\r\n<li class=\"pricing-feature no-highlight\"><\/p>\n<ul>\n<li class=\"pricing-feature no-highlight\">xxxx<\/li>\n<li class=\"pricing-feature no-highlight\">xxxx<\/li>\n<li class=\"pricing-feature no-highlight\">xxxx<\/li>\n<li class=\"pricing-feature no-highlight\">xxxxx<\/li>\n<li class=\"pricing-feature no-highlight\">xxxxx<\/li>\n<li class=\"pricing-feature no-highlight\">xxxxx<\/li>\n<\/ul>\n<p><li class=\"pricing-button\"><div><a href=\"#\">Buy Now<\/a><\/div><\/li><\/ul>\r\n\r\n\t[\/vc_column_inner][vc_column_inner width=&#8221;1\/4&#8243;]\r\n\r\n<ul class=\"pricing-table sec-border highlight-no \" data-animation=\"fadeIn\"><li class=\"pricing-title\"><h6 class=\"sec-color\">Strieborn\u00fd bal\u00edk<\/h6><\/li><li class=\"pricing-price\"><h2 class=\"price\">50.00 \u20ac<\/h2><span class=\"currency\"><\/span><span class=\"pricing-duration special-subtitle\">1 Mesiac<\/span><\/li>\r\n<li class=\"pricing-feature no-highlight\"><\/p>\n<ul>\n<li class=\"pricing-feature no-highlight\">xxxx<\/li>\n<li class=\"pricing-feature no-highlight\">xxxx<\/li>\n<li class=\"pricing-feature no-highlight\">xxxx<\/li>\n<li class=\"pricing-feature no-highlight\">xxxxx<\/li>\n<li class=\"pricing-feature no-highlight\">xxxxx<\/li>\n<li class=\"pricing-feature no-highlight\">xxxxx<\/li>\n<\/ul>\n<p><li class=\"pricing-button\"><div><a href=\"#\">Buy Now<\/a><\/div><\/li><\/ul>\r\n\r\n\t[\/vc_column_inner][vc_column_inner width=&#8221;1\/4&#8243;]\r\n\r\n<ul class=\"pricing-table sec-border highlight-no \" data-animation=\"fadeIn\"><li class=\"pricing-title\"><h6 class=\"sec-color\">Zlat\u00fd bal\u00edk<\/h6><\/li><li class=\"pricing-price\"><h2 class=\"price\">99.00 \u20ac<\/h2><span class=\"currency\"><\/span><span class=\"pricing-duration special-subtitle\">1 Mesiac<\/span><\/li>\r\n<li class=\"pricing-feature no-highlight\"><\/p>\n<ul>\n<li class=\"pricing-feature no-highlight\">xxxx<\/li>\n<li class=\"pricing-feature no-highlight\">xxxx<\/li>\n<li class=\"pricing-feature no-highlight\">xxxx<\/li>\n<li class=\"pricing-feature no-highlight\">xxxxx<\/li>\n<li class=\"pricing-feature no-highlight\">xxxxx<\/li>\n<li class=\"pricing-feature no-highlight\">xxxxx<\/li>\n<\/ul>\n<p><li class=\"pricing-button\"><div><a href=\"#\">Buy Now<\/a><\/div><\/li><\/ul>\r\n\r\n\t[\/vc_column_inner][vc_column_inner width=&#8221;1\/4&#8243;]\r\n\r\n<ul class=\"pricing-table sec-border highlight-no \" data-animation=\"fadeIn\"><li class=\"pricing-title\"><h6 class=\"sec-color\">Diamantov\u00fd bal\u00edk<\/h6><\/li><li class=\"pricing-price\"><h2 class=\"price\">150.00 \u20ac<\/h2><span class=\"currency\"><\/span><span class=\"pricing-duration special-subtitle\">1 Mesiac<\/span><\/li>\r\n<li class=\"pricing-feature no-highlight\"><\/p>\n<ul>\n<li class=\"pricing-feature no-highlight\">xxxx<\/li>\n<li class=\"pricing-feature no-highlight\">xxxx<\/li>\n<li class=\"pricing-feature no-highlight\">xxxx<\/li>\n<li class=\"pricing-feature no-highlight\">xxxxx<\/li>\n<li class=\"pricing-feature no-highlight\">xxxxx<\/li>\n<li class=\"pricing-feature no-highlight\">xxxxx<\/li>\n<\/ul>\n<p><li class=\"pricing-button\"><div><a href=\"#\">Buy Now<\/a><\/div><\/li><\/ul>\r\n\r\n\t[\/vc_column_inner][\/vc_row_inner][\/vc_column][\/vc_row][vc_row css=&#8221;.vc_custom_1473225469440{padding-top: 30px !important;padding-bottom: 35px !important;background-color: #111b25 !important;}&#8221;][vc_column][\/vc_column][\/vc_row]<\/p>\n","protected":false},"excerpt":{"rendered":"<p>[vc_row css=&#8221;.vc_custom_1466517198806{padding-top: 70px !important;padding-bottom: 70px !important;}&#8221;][vc_column][vc_row_inner][vc_column_inner width=&#8221;1\/4&#8243;][\/vc_column_inner][vc_column_inner width=&#8221;1\/4&#8243;][\/vc_column_inner][vc_column_inner width=&#8221;1\/4&#8243;][\/vc_column_inner][vc_column_inner width=&#8221;1\/4&#8243;][\/vc_column_inner][\/vc_row_inner][\/vc_column][\/vc_row][vc_row css=&#8221;.vc_custom_1473225469440{padding-top: 30px !important;padding-bottom: 35px !important;background-color: #111b25 !important;}&#8221;][vc_column][\/vc_column][\/vc_row]<\/p>\n","protected":false},"author":2,"featured_media":0,"parent":0,"menu_order":0,"comment_status":"closed","ping_status":"closed","template":"page-templates\/template-element.php","meta":[],"_links":{"self":[{"href":"http:\/\/www.maruniak.com\/index.php?rest_route=\/wp\/v2\/pages\/1997"}],"collection":[{"href":"http:\/\/www.maruniak.com\/index.php?rest_route=\/wp\/v2\/pages"}],"about":[{"href":"http:\/\/www.maruniak.com\/index.php?rest_route=\/wp\/v2\/types\/page"}],"author":[{"embeddable":true,"href":"http:\/\/www.maruniak.com\/index.php?rest_route=\/wp\/v2\/users\/2"}],"replies":[{"embeddable":true,"href":"http:\/\/www.maruniak.com\/index.php?rest_route=%2Fwp%2Fv2%2Fcomments&post=1997"}],"version-history":[{"count":3,"href":"http:\/\/www.maruniak.com\/index.php?rest_route=\/wp\/v2\/pages\/1997\/revisions"}],"predecessor-version":[{"id":2475,"href":"http:\/\/www.maruniak.com\/index.php?rest_route=\/wp\/v2\/pages\/1997\/revisions\/2475"}],"wp:attachment":[{"href":"http:\/\/www.maruniak.com\/index.php?rest_route=%2Fwp%2Fv2%2Fmedia&parent=1997"}],"curies":[{"name":"wp","href":"https:\/\/api.w.org\/{rel}","templated":true}]}}