{"id":1950,"date":"2016-06-19T19:14:00","date_gmt":"2016-06-19T19:14:00","guid":{"rendered":"http:\/\/localhost:8888\/wp-electrician\/?page_id=1950"},"modified":"2017-12-25T22:12:35","modified_gmt":"2017-12-25T21:12:35","slug":"about","status":"publish","type":"page","link":"http:\/\/www.maruniak.com\/?page_id=1950","title":{"rendered":"O n\u00e1s"},"content":{"rendered":"<p>[vc_row background_position=&#8221;right bottom&#8221; css=&#8221;.vc_custom_1473225180154{padding-top: 70px !important;padding-bottom: 30px !important;background-position: 0 0 !important;background-repeat: no-repeat !important;}&#8221;][vc_column]\r\n<div class=\"project-title title\" style=\"margin-bottom: ;\">\r\n\t\t\t\t\t<span class=\"sm-title\" style=\"font-size: ; color: \">Sme profesion\u00e1li<\/span>\r\n\t\t\t\t\t<h2 class=\"box-header\" style=\"font-size: ; color: \">Na\u0161e slu\u017eby<\/h2>\r\n\t\t\t\t\t<p style=\"font-size: ; color: \">\u0160pecializujeme sa na v\u0161etky elektroin\u0161tala\u010dn\u00e9 pr\u00e1ce. Vykon\u00e1vame elektro in\u0161tal\u00e1cie, servis a mont\u00e1\u017e in\u0161tal\u00e1ci\u00ed, \u00fadr\u017ebu a opravy, odstra\u0148ujeme z\u00e1vady, zaober\u00e1me sa pravideln\u00fdmi aj v\u00fdchodiskov\u00fdmi rev\u00edziami, vr\u00e1tane rev\u00edzi\u00ed hromozvodov, spracujeme potrebn\u00fa dokument\u00e1ciu.<\/p>\r\n\t\t\t\t<\/div>\r\n\r\n[\/vc_column][\/vc_row][vc_row css=&#8221;.vc_custom_1473225167770{margin-bottom: 70px !important;}&#8221;][vc_column width=&#8221;1\/2&#8243;][vc_single_image image=&#8221;1811&#8243; img_size=&#8221;full&#8221;][\/vc_column][vc_column width=&#8221;1\/2&#8243; css=&#8221;.vc_custom_1473225292907{margin-bottom: 0px !important;margin-left: -50px !important;}&#8221;][vc_column_text css=&#8221;.vc_custom_1514234972255{margin-bottom: 0px !important;}&#8221;]Vykon\u00e1vame kompletn\u00e9 elektroin\u0161tala\u010dn\u00e9 pr\u00e1ce a opravy. \u010ealej \u010dinnosti spojen\u00e9 s dod\u00e1vkou, mont\u00e1\u017eou, \u00fadr\u017ebou a opravami elektrick\u00fdch a elektronick\u00fdch zariaden\u00ed.<\/p>\n<p>&#8211; dod\u00e1vka a mont\u00e1\u017e vonkaj\u0161\u00edch i vn\u00fatorn\u00fdch k\u00e1blov\u00fdch rozvodov a bleskozvodov<br \/>\n&#8211; opravy a rekon\u0161trukcie elektrick\u00fdch a elektronick\u00fdch zariaden\u00ed<br \/>\n&#8211; \u00fadr\u017eba elektrick\u00fdch rozvodov a rozvodn\u00fdch zariaden\u00ed<br \/>\n&#8211; v\u00fdroba stavebn\u00fdch rozv\u00e1dza\u010dov a ich pr\u00edslu\u0161enstvo vr\u00e1tane napojenia<br \/>\n&#8211; predaj, mont\u00e1\u017e a opravy elektrick\u00fdch zariaden\u00ed, pr\u00edstrojov, spotrebi\u010dov a strojov<br \/>\n&#8211; rev\u00edzie, kontroly a repase elektrick\u00fdch spotrebi\u010dov[\/vc_column_text][vc_row_inner][vc_column_inner width=&#8221;1\/2&#8243;]\r\n\t\t\t<div class=\"tl-spoiler  wpb_content_element iconbox-style-2 icon-color-custom color-dark clearfix\">\r\n                        <h6 style=\"color:#6e6e6e\" class=\"\"><i class=\"fa fa-building boxicon\" style=\"color: #111b25;\"><\/i> &nbsp; &nbsp; Firmy &amp; Dom\u00e1cnosti<\/h6>\r\n                        <div class=\"su-clearfix tl-spoiler-content\" style=\"color:\"><\/div>\r\n                  <\/div>\r\n\t\t\t\r\n\t\t\t<div class=\"tl-spoiler  wpb_content_element iconbox-style-2 icon-color-custom color-dark clearfix\">\r\n                        <h6 style=\"color:#6e6e6e\" class=\"\"><i class=\"fa fa-bolt boxicon\" style=\"color: #111b25;\"><\/i> &nbsp; &nbsp;  Oprava elektroin\u0161tal\u00e1ci\u00ed<\/h6>\r\n                        <div class=\"su-clearfix tl-spoiler-content\" style=\"color:\"><\/div>\r\n                  <\/div>\r\n\t\t\t[\/vc_column_inner][vc_column_inner width=&#8221;1\/2&#8243;]\r\n\t\t\t<div class=\"tl-spoiler  wpb_content_element iconbox-style-2 icon-color-custom color-dark clearfix\">\r\n                        <h6 style=\"color:#6e6e6e\" class=\"\"><i class=\"fa fa-gears boxicon\" style=\"color: #111b25;\"><\/i> &nbsp; &nbsp; Projektovanie<\/h6>\r\n                        <div class=\"su-clearfix tl-spoiler-content\" style=\"color:\"><\/div>\r\n                  <\/div>\r\n\t\t\t\r\n\t\t\t<div class=\"tl-spoiler  wpb_content_element iconbox-style-2 icon-color-custom color-dark clearfix\">\r\n                        <h6 style=\"color:#6e6e6e\" class=\"\"><i class=\"fa fa-road boxicon\" style=\"color: #111b25;\"><\/i> &nbsp; &nbsp; V r\u00e1mci celej SR<\/h6>\r\n                        <div class=\"su-clearfix tl-spoiler-content\" style=\"color:\"><\/div>\r\n                  <\/div>\r\n\t\t\t[\/vc_column_inner][\/vc_row_inner][\/vc_column][\/vc_row][vc_row css=&#8221;.vc_custom_1473184769526{padding-top: 40px !important;padding-bottom: 40px !important;background-color: #111b24 !important;}&#8221;][vc_column width=&#8221;4\/12&#8243; css=&#8221;.vc_custom_1466363102817{padding-top: 30px !important;padding-bottom: 0px !important;}&#8221;][vc_single_image image=&#8221;1933&#8243; img_size=&#8221;full&#8221; el_class=&#8221;img-ab&#8221;][\/vc_column][vc_column width=&#8221;8\/12&#8243;]<h2 style=\"color: #ffffff;\">20 Ro\u010dn\u00e9 sk\u00fasenosti<br \/>\nVe\u013ea spokojn\u00fdch z\u00e1kazn\u00edkov<\/h2><p style=\"font-size: 14px;color: #ffffff;\">Cie\u013eom je spo\u013eahlivos\u0165 v odvedenej pr\u00e1ci a Va\u0161a maxim\u00e1lne spokojnos\u0165. Preto sa na n\u00e1s obr\u00e1\u0165te s akouko\u013evek po\u017eiadavkou a my urob\u00edme v\u0161etko pre jej splnenie. Budeme sa te\u0161i\u0165 na spolupr\u00e1cu s Vami.<br \/>\n<\/p>[\/vc_column][\/vc_row][vc_row css=&#8221;.vc_custom_1466365793941{padding-top: 70px !important;}&#8221;][vc_column]\r\n<div class=\"project-title title\" style=\"margin-bottom: ;\">\r\n\t\t\t\t\t<span class=\"sm-title\" style=\"font-size: ; color: \">Sme profesion\u00e1li<\/span>\r\n\t\t\t\t\t<h2 class=\"box-header\" style=\"font-size: ; color: \">Na\u0161e slu\u017eby<\/h2>\r\n\t\t\t\t\t<p style=\"font-size: ; color: \">Obr\u00e1\u0165te sa na n\u00e1s, na\u0161i sk\u00fasen\u00ed a kvalifikovan\u00ed pracovn\u00edci odved\u00fa kvalitn\u00fa pr\u00e1cu, ur\u010dite budete spokojn\u00ed.<\/p>\r\n\t\t\t\t<\/div>\r\n\r\n[vc_row_inner][vc_column_inner width=&#8221;1\/3&#8243;]<div class=\"col-xs-12 col-sm-12 col-md-12 feature choose-section text-right wpb_content_element iconbox-style-3 icon-color-accent color-dark\">\r\n\t\t\t\t\t\t<div class=\"feature-icon right\">\r\n\t\t\t\t\t\t\t<img src='http:\/\/www.maruniak.com\/wp-content\/uploads\/2016\/06\/icon1-1.png' class='iconimg' alt='' \/>\r\n\t\t\t\t\t\t<\/div>\r\n\t\t\t\t\t\t<h4 class=\"text-uppercase\" style=\"color:\">Dostupnos\u0165<\/h4>\r\n\t\t\t\t\t\t<p style=\"color:\">Sme V\u00e1m k dispoz\u00edci\u00ed 7 dn\u00ed v t\u00fd\u017edni.<\/p>\r\n\t\t\t\t\t<\/div><div class=\"col-xs-12 col-sm-12 col-md-12 feature choose-section text-right wpb_content_element iconbox-style-3 icon-color-accent color-dark\">\r\n\t\t\t\t\t\t<div class=\"feature-icon right\">\r\n\t\t\t\t\t\t\t<img src='http:\/\/www.maruniak.com\/wp-content\/uploads\/2016\/06\/icon3-1.png' class='iconimg' alt='' \/>\r\n\t\t\t\t\t\t<\/div>\r\n\t\t\t\t\t\t<h4 class=\"text-uppercase\" style=\"color:\">Priezniv\u00e9 ceny<\/h4>\r\n\t\t\t\t\t\t<p style=\"color:\">Na\u0161im cie\u013eom je v prvom rade kvalitne vykonan\u00e1 pr\u00e1ca za priazniv\u00fa cenu<\/p>\r\n\t\t\t\t\t<\/div>[\/vc_column_inner][vc_column_inner width=&#8221;1\/3&#8243;][vc_single_image image=&#8221;1932&#8243; img_size=&#8221;full&#8221; css=&#8221;.vc_custom_1466366910279{margin-bottom: 0px !important;}&#8221;][\/vc_column_inner][vc_column_inner width=&#8221;1\/3&#8243;]<div class=\"col-xs-12 col-sm-12 col-md-12 feature choose-section text-left wpb_content_element iconbox-style-3 icon-color-accent color-dark\">\r\n\t\t\t\t\t\t<div class=\"feature-icon right\">\r\n\t\t\t\t\t\t\t<img src='http:\/\/www.maruniak.com\/wp-content\/uploads\/2016\/06\/icon2-1.png' class='iconimg' alt='' \/>\r\n\t\t\t\t\t\t<\/div>\r\n\t\t\t\t\t\t<h4 class=\"text-uppercase\" style=\"color:\"> Experti<\/h4>\r\n\t\t\t\t\t\t<p style=\"color:\">Garantujeme profesionalitu a odbornos\u0165 v obore<\/p>\r\n\t\t\t\t\t<\/div><div class=\"col-xs-12 col-sm-12 col-md-12 feature choose-section text-left wpb_content_element iconbox-style-3 icon-color-accent color-dark\">\r\n\t\t\t\t\t\t<div class=\"feature-icon right\">\r\n\t\t\t\t\t\t\t<img src='http:\/\/www.maruniak.com\/wp-content\/uploads\/2016\/06\/icon4.png' class='iconimg' alt='' \/>\r\n\t\t\t\t\t\t<\/div>\r\n\t\t\t\t\t\t<h4 class=\"text-uppercase\" style=\"color:\">Najlep\u0161ie ponuky<\/h4>\r\n\t\t\t\t\t\t<p style=\"color:\">V\u017edy sa sna\u017e\u00edme pripravi\u0165 pre V\u00e1s ponuku v \u010do najkrat\u0161om term\u00edne<\/p>\r\n\t\t\t\t\t<\/div>[\/vc_column_inner][\/vc_row_inner][\/vc_column][\/vc_row]<\/p>\n","protected":false},"excerpt":{"rendered":"<p>[vc_row background_position=&#8221;right bottom&#8221; css=&#8221;.vc_custom_1473225180154{padding-top: 70px !important;padding-bottom: 30px !important;background-position: 0 0 !important;background-repeat: no-repeat !important;}&#8221;][vc_column][\/vc_column][\/vc_row][vc_row css=&#8221;.vc_custom_1473225167770{margin-bottom: 70px !important;}&#8221;][vc_column width=&#8221;1\/2&#8243;][vc_single_image image=&#8221;1811&#8243; img_size=&#8221;full&#8221;][\/vc_column][vc_column width=&#8221;1\/2&#8243; css=&#8221;.vc_custom_1473225292907{margin-bottom: 0px !important;margin-left: -50px !important;}&#8221;][vc_column_text css=&#8221;.vc_custom_1514234972255{margin-bottom: 0px !important;}&#8221;]Vykon\u00e1vame kompletn\u00e9 elektroin\u0161tala\u010dn\u00e9 pr\u00e1ce a opravy. \u010ealej \u010dinnosti spojen\u00e9 s dod\u00e1vkou, mont\u00e1\u017eou, \u00fadr\u017ebou a opravami elektrick\u00fdch a elektronick\u00fdch zariaden\u00ed. &#8211; dod\u00e1vka a mont\u00e1\u017e vonkaj\u0161\u00edch i vn\u00fatorn\u00fdch k\u00e1blov\u00fdch rozvodov [&hellip;]<\/p>\n","protected":false},"author":2,"featured_media":0,"parent":0,"menu_order":0,"comment_status":"closed","ping_status":"closed","template":"page-templates\/template-element.php","meta":[],"_links":{"self":[{"href":"http:\/\/www.maruniak.com\/index.php?rest_route=\/wp\/v2\/pages\/1950"}],"collection":[{"href":"http:\/\/www.maruniak.com\/index.php?rest_route=\/wp\/v2\/pages"}],"about":[{"href":"http:\/\/www.maruniak.com\/index.php?rest_route=\/wp\/v2\/types\/page"}],"author":[{"embeddable":true,"href":"http:\/\/www.maruniak.com\/index.php?rest_route=\/wp\/v2\/users\/2"}],"replies":[{"embeddable":true,"href":"http:\/\/www.maruniak.com\/index.php?rest_route=%2Fwp%2Fv2%2Fcomments&post=1950"}],"version-history":[{"count":9,"href":"http:\/\/www.maruniak.com\/index.php?rest_route=\/wp\/v2\/pages\/1950\/revisions"}],"predecessor-version":[{"id":2469,"href":"http:\/\/www.maruniak.com\/index.php?rest_route=\/wp\/v2\/pages\/1950\/revisions\/2469"}],"wp:attachment":[{"href":"http:\/\/www.maruniak.com\/index.php?rest_route=%2Fwp%2Fv2%2Fmedia&parent=1950"}],"curies":[{"name":"wp","href":"https:\/\/api.w.org\/{rel}","templated":true}]}}