{"id":1706,"date":"2016-06-17T13:01:26","date_gmt":"2016-06-17T13:01:26","guid":{"rendered":"http:\/\/localhost:8888\/wp-electrician\/?page_id=1706"},"modified":"2021-12-09T15:11:19","modified_gmt":"2021-12-09T14:11:19","slug":"home","status":"publish","type":"page","link":"http:\/\/www.maruniak.com\/","title":{"rendered":"\u00davod"},"content":{"rendered":"<p>[vc_row fullwidth=&#8221;yes&#8221; el_id=&#8221;home-section&#8221;][vc_column][rev_slider alias=&#8221;electrician3&#8243;][\/vc_column][\/vc_row][vc_row background_position=&#8221;right bottom&#8221; css=&#8221;.vc_custom_1514232678389{padding-top: 70px !important;padding-bottom: 70px !important;background-position: 0 0 !important;background-repeat: no-repeat !important;}&#8221;][\/vc_row][vc_column][\/vc_column]\r\n<div class=\"project-title title\" style=\"margin-bottom: 30px;\">\r\n\t\t\t\t\t<span class=\"sm-title\" style=\"font-size: ; color: \">Sme profesion\u00e1li<\/span>\r\n\t\t\t\t\t<h2 class=\"box-header\" style=\"font-size: ; color: \">Na\u0161e slu\u017eby<\/h2>\r\n\t\t\t\t\t<p style=\"font-size: ; color: \">Na\u0161a spolo\u010dnos\u0165 neust\u00e1le skvalit\u0148uje svoje slu\u017eby. D\u00f4kazom je st\u00e1le v\u00e4\u010d\u0161\u00ed po\u010det spokojn\u00fdch z\u00e1kazn\u00edkov, ktor\u00ed vyu\u017e\u00edvaj\u00fa na\u0161e slu\u017eby so v\u0161etk\u00fdm komfortom. N\u00e1\u0161 z\u00e1kazn\u00edk je na\u0161ou prioritou, preto je v\u0161etka na\u0161a snaha a pozornos\u0165 zameran\u00e1 pr\u00e1ve na neho. D\u00fafame, \u017ee budete s ponukou na\u0161ich slu\u017eieb spokojn\u00ed, ak\u00e9ko\u013evek pripomienky samozrejme v\u00edtame<\/p>\r\n\t\t\t\t<\/div>\r\n\r\n[vc_row_inner][vc_column_inner width=&#8221;1\/3&#8243;]\r\n\t\t\t<div class=\"tg-service services-content tg-haslayout \">\r\n\t\t\t\t\t\t\t\t\t\t<figure class=\"tg-sercice-img\"><img src='http:\/\/www.maruniak.com\/wp-content\/uploads\/2016\/06\/2-1.jpg' class='iconimg' alt='' \/><\/figure>\r\n\t\t\t\t\t\t\t\t\t\t<div class=\"tg-border-topleft tg-haslayout\">\r\n\t\t\t\t\t\t\t\t\t\t\t<div class=\"tg-displaytable\">\r\n\t\t\t\t\t\t\t\t\t\t\t\t<div class=\"tg-displaytablecell\">\r\n\t\t\t\t\t\t\t\t\t\t\t\t\t<span class=\"icons\"><img src='http:\/\/www.maruniak.com\/wp-content\/uploads\/2016\/06\/icon1.png' class='iconimg' alt='' \/><\/span>\r\n\t\t\t\t\t\t\t\t\t\t\t\t\t<h3 style=\"color:\">Elektroin\u0161tal\u00e1cie<\/h3>\r\n\t\t\t\t\t\t\t\t\t\t\t\t\t<div class=\"tg-description\">\r\n\t\t\t\t\t\t\t\t\t\t\t\t\t\t<p style=\"color:\">Vykon\u00e1vame kompletn\u00e9 elektroin\u0161tala\u010dn\u00e9 pr\u00e1ce a opravy. \u010ealej \u010dinnosti spojen\u00e9 s dod\u00e1vkou, mont\u00e1\u017eou, \u00fadr\u017ebou a opravami elektrick\u00fdch zariaden\u00ed.<\/p>\r\n\t\t\t\t\t\t\t\t\t\t\t\t\t<\/div>\r\n\t\t\t\t\t\t\t\t\t\t\t\t\t<br>\r\n\t\t\t\t\t\t\t\t\t\t\t\t\t<a href=\"\" class=\"button-one\" style=\"background:; color:\"><\/a>\r\n\t\t\t\t\t\t\t\t\t\t\t\t<\/div>\r\n\t\t\t\t\t\t\t\t\t\t\t<\/div>\r\n\t\t\t\t\t\t\t\t\t\t<\/div>\r\n\t\t\t\t\t\t\t\t\t<\/div>[\/vc_column_inner][vc_column_inner width=&#8221;1\/3&#8243;]\r\n\t\t\t<div class=\"tg-service services-content tg-haslayout \">\r\n\t\t\t\t\t\t\t\t\t\t<figure class=\"tg-sercice-img\"><img src='http:\/\/www.maruniak.com\/wp-content\/uploads\/2016\/06\/1-2-1.jpg' class='iconimg' alt='' \/><\/figure>\r\n\t\t\t\t\t\t\t\t\t\t<div class=\"tg-border-topleft tg-haslayout\">\r\n\t\t\t\t\t\t\t\t\t\t\t<div class=\"tg-displaytable\">\r\n\t\t\t\t\t\t\t\t\t\t\t\t<div class=\"tg-displaytablecell\">\r\n\t\t\t\t\t\t\t\t\t\t\t\t\t<span class=\"icons\"><img src='http:\/\/www.maruniak.com\/wp-content\/uploads\/2016\/06\/icon2.png' class='iconimg' alt='' \/><\/span>\r\n\t\t\t\t\t\t\t\t\t\t\t\t\t<h3 style=\"color:\">Bezpe\u010dnos\u0165<\/h3>\r\n\t\t\t\t\t\t\t\t\t\t\t\t\t<div class=\"tg-description\">\r\n\t\t\t\t\t\t\t\t\t\t\t\t\t\t<p style=\"color:\">Spo\u013eahnite&nbsp;sa na profesion\u00e1lov, iba tak m\u00f4\u017eete predch\u00e1dza\u0165 nebezpe\u010denstvu a mo\u017en\u00fdm \u0161kod\u00e1m na majetku, pr\u00edpadne na zdrav\u00ed.<\/p>\r\n\t\t\t\t\t\t\t\t\t\t\t\t\t<\/div>\r\n\t\t\t\t\t\t\t\t\t\t\t\t\t<br>\r\n\t\t\t\t\t\t\t\t\t\t\t\t\t<a href=\"\" class=\"button-one\" style=\"background:; color:\"><\/a>\r\n\t\t\t\t\t\t\t\t\t\t\t\t<\/div>\r\n\t\t\t\t\t\t\t\t\t\t\t<\/div>\r\n\t\t\t\t\t\t\t\t\t\t<\/div>\r\n\t\t\t\t\t\t\t\t\t<\/div>[\/vc_column_inner][vc_column_inner width=&#8221;1\/3&#8243;]\r\n\t\t\t<div class=\"tg-service services-content tg-haslayout \">\r\n\t\t\t\t\t\t\t\t\t\t<figure class=\"tg-sercice-img\"><img src='http:\/\/www.maruniak.com\/wp-content\/uploads\/2016\/06\/img-02.jpg' class='iconimg' alt='' \/><\/figure>\r\n\t\t\t\t\t\t\t\t\t\t<div class=\"tg-border-topleft tg-haslayout\">\r\n\t\t\t\t\t\t\t\t\t\t\t<div class=\"tg-displaytable\">\r\n\t\t\t\t\t\t\t\t\t\t\t\t<div class=\"tg-displaytablecell\">\r\n\t\t\t\t\t\t\t\t\t\t\t\t\t<span class=\"icons\"><img src='http:\/\/www.maruniak.com\/wp-content\/uploads\/2016\/06\/icon3.png' class='iconimg' alt='' \/><\/span>\r\n\t\t\t\t\t\t\t\t\t\t\t\t\t<h3 style=\"color:\">Poradenstvo<\/h3>\r\n\t\t\t\t\t\t\t\t\t\t\t\t\t<div class=\"tg-description\">\r\n\t\t\t\t\t\t\t\t\t\t\t\t\t\t<p style=\"color:\">Pom\u00f4\u017eeme V\u00e1m s v\u00fdberom vhodn\u00e9ho typu zariadenia pre Va\u0161e potreby a zaist\u00edme jej in\u0161tal\u00e1ciu. <\/p>\r\n\t\t\t\t\t\t\t\t\t\t\t\t\t<\/div>\r\n\t\t\t\t\t\t\t\t\t\t\t\t\t<br>\r\n\t\t\t\t\t\t\t\t\t\t\t\t\t<a href=\"\" class=\"button-one\" style=\"background:; color:\"><\/a>\r\n\t\t\t\t\t\t\t\t\t\t\t\t<\/div>\r\n\t\t\t\t\t\t\t\t\t\t\t<\/div>\r\n\t\t\t\t\t\t\t\t\t\t<\/div>\r\n\t\t\t\t\t\t\t\t\t<\/div>[\/vc_column_inner][\/vc_row_inner][vc_column_inner width=&#8221;1\/3&#8243;][\/vc_column_inner][vc_column_inner width=&#8221;1\/3&#8243;][\/vc_column_inner][vc_row][vc_column][vc_separator][\/vc_column][\/vc_row]<\/p>\n","protected":false},"excerpt":{"rendered":"<p>[vc_row fullwidth=&#8221;yes&#8221; el_id=&#8221;home-section&#8221;][vc_column][rev_slider alias=&#8221;electrician3&#8243;][\/vc_column][\/vc_row][vc_row background_position=&#8221;right bottom&#8221; css=&#8221;.vc_custom_1514232678389{padding-top: 70px !important;padding-bottom: 70px !important;background-position: 0 0 !important;background-repeat: no-repeat !important;}&#8221;][\/vc_row][vc_column][\/vc_column][vc_row_inner][vc_column_inner width=&#8221;1\/3&#8243;][\/vc_column_inner][vc_column_inner width=&#8221;1\/3&#8243;][\/vc_column_inner][vc_column_inner width=&#8221;1\/3&#8243;][\/vc_column_inner][\/vc_row_inner][vc_column_inner width=&#8221;1\/3&#8243;][\/vc_column_inner][vc_column_inner width=&#8221;1\/3&#8243;][\/vc_column_inner][vc_row][vc_column][vc_separator][\/vc_column][\/vc_row]<\/p>\n","protected":false},"author":2,"featured_media":0,"parent":0,"menu_order":0,"comment_status":"closed","ping_status":"closed","template":"..\/public\/views\/revslider-page-template.php","meta":[],"_links":{"self":[{"href":"http:\/\/www.maruniak.com\/index.php?rest_route=\/wp\/v2\/pages\/1706"}],"collection":[{"href":"http:\/\/www.maruniak.com\/index.php?rest_route=\/wp\/v2\/pages"}],"about":[{"href":"http:\/\/www.maruniak.com\/index.php?rest_route=\/wp\/v2\/types\/page"}],"author":[{"embeddable":true,"href":"http:\/\/www.maruniak.com\/index.php?rest_route=\/wp\/v2\/users\/2"}],"replies":[{"embeddable":true,"href":"http:\/\/www.maruniak.com\/index.php?rest_route=%2Fwp%2Fv2%2Fcomments&post=1706"}],"version-history":[{"count":19,"href":"http:\/\/www.maruniak.com\/index.php?rest_route=\/wp\/v2\/pages\/1706\/revisions"}],"predecessor-version":[{"id":2481,"href":"http:\/\/www.maruniak.com\/index.php?rest_route=\/wp\/v2\/pages\/1706\/revisions\/2481"}],"wp:attachment":[{"href":"http:\/\/www.maruniak.com\/index.php?rest_route=%2Fwp%2Fv2%2Fmedia&parent=1706"}],"curies":[{"name":"wp","href":"https:\/\/api.w.org\/{rel}","templated":true}]}}